{"id":1646,"date":"2025-02-27T14:53:11","date_gmt":"2025-02-27T14:53:11","guid":{"rendered":"https:\/\/lecentre-champery.ch\/datenschutzerklaerung\/"},"modified":"2025-08-25T13:44:33","modified_gmt":"2025-08-25T13:44:33","slug":"datenschutzerklaerung","status":"publish","type":"page","link":"https:\/\/lecentre-champery.ch\/de\/datenschutzerklaerung\/","title":{"rendered":"Datenschutzerkl\u00e4rung"},"content":{"rendered":"\n<h2 class=\"wp-block-heading\"><br\/>Datenschutzrichtlinie<\/h2>\n\n<p>L \u201e&#8217;Epicentre SA legt Wert auf den Schutz und die Vertraulichkeit personenbezogener Daten und verpflichtet sich, das h\u00f6chste Schutzniveau f\u00fcr Ihre personenbezogenen Daten zu gew\u00e4hrleisten.\u201c Diese Datenschutzerkl\u00e4rung erl\u00e4utert, wie L&#8217;Epicentre SA personenbezogene Daten von Nutzern seiner Website des Centre Champ\u00e9ry gem\u00e4\u00df dem Bundesgesetz \u00fcber den Datenschutz (DSG) und der Datenschutz-Grundverordnung (DSGVO) der Europ\u00e4ischen Union, sofern anwendbar, erhebt, verwendet und sch\u00fctzt. Sie erl\u00e4utert auch Ihre Datenschutzrechte und wie Sie diese aus\u00fcben k\u00f6nnen.  <\/p>\n\n<h2 class=\"wp-block-heading\">Erfasste Daten<\/h2>\n\n<p>L&#8217;Epicentre SA stellt sicher, dass nur personenbezogene Daten verarbeitet werden, die f\u00fcr die folgenden Zwecke unbedingt erforderlich sind: Kontakt- und Buchungsformulare (Name, Vorname, E-Mail, Telefon); Cookies und \u00e4hnliche Technologien. Es werden nur Informationen abgefragt, die f\u00fcr die Kontaktaufnahme notwendig sind (wie z.B. Ihr Name und Vorname, E-Mail-Adresse usw.). <\/p>\n\n<h2 class=\"wp-block-heading\">Die Daten, die Sie uns zur Verf\u00fcgung stellen<\/h2>\n\n<p>Die von uns verarbeiteten Daten sind zun\u00e4chst die Daten, die Sie uns \u00fcber unsere Kontaktformulare zur Verf\u00fcgung stellen. Dabei handelt es sich um Ihre Identifikationsdaten und Ihre Kontaktdaten. <\/p>\n\n<p>Wir fragen niemals sogenannte sensible Informationen ab (rassische oder ethnische Herkunft, politische Meinungen, religi\u00f6se oder philosophische \u00dcberzeugungen, Gewerkschaftszugeh\u00f6rigkeit, Gesundheit, sexuelle Orientierung). Wir raten Ihnen davon ab, solche Daten bei der Nutzung unserer Dienste anzugeben. <\/p>\n\n<h2 class=\"wp-block-heading\">Nutzungsdaten unserer Dienste<\/h2>\n\n<p>Wenn Sie unsere Website besuchen oder unsere Dienste nutzen, k\u00f6nnen wir auch bestimmte Informationen automatisch erfassen, einschlie\u00dflich Ihrer IP-Adresse, des von Ihnen verwendeten Browsertyps, der von Ihnen besuchten Seiten, der Zugriffsdaten und -zeiten sowie anderer Statistiken.<\/p>\n\n<h2 class=\"wp-block-heading\">Verwendung der erfassten Daten<\/h2>\n\n<p>Wir verwenden Ihre personenbezogenen Daten, um unsere Website und unsere Dienste bereitzustellen und zu verbessern, um Ihre Transaktionen zu verarbeiten, um Ihnen Updates zu senden, um auf Ihre Anfragen zu antworten, um Ihnen gezielte Werbung zu senden, um die Sicherheit unserer Website zu gew\u00e4hrleisten, um dem Gesetz zu entsprechen und f\u00fcr andere legitime Gesch\u00e4ftszwecke.<\/p>\n\n<h2 class=\"wp-block-heading\">Weitergabe an Dienstleister<\/h2>\n\n<p>Personenbezogene Daten werden weder verkauft noch an Dritte abgetreten. Wir k\u00f6nnen Ihre personenbezogenen Daten jedoch an unsere Drittanbieter weitergeben, die uns bei der Bereitstellung unserer Website und unserer Dienste unterst\u00fctzen. Diese Dienstleister sind nicht berechtigt, Ihre Informationen f\u00fcr eigene Zwecke zu nutzen.  <\/p>\n\n<h2 class=\"wp-block-heading\">Weitergabe aufgrund gesetzlicher Anforderungen<\/h2>\n\n<p>Wir k\u00f6nnen Ihre personenbezogenen Daten offenlegen, wenn wir gesetzlich dazu verpflichtet sind oder wenn wir in gutem Glauben davon ausgehen, dass dies zur Einhaltung des Gesetzes, zum Schutz unserer Rechte oder unseres Eigentums oder zum Schutz der Sicherheit unserer Nutzer erforderlich ist.<\/p>\n\n<h2 class=\"wp-block-heading\">Sicherheit der erfassten Daten<\/h2>\n\n<p>L&#8217;Epicentre SA verpflichtet sich, eine angemessene Sicherheitspolitik zu verfolgen, die sich in einer logischen und materiellen Sicherheitspolitik sowie speziell auf unsere Aktivit\u00e4ten zugeschnittenen Sicherheitsma\u00dfnahmen widerspiegelt. Innerhalb unserer Infrastrukturen werden verschiedene Audits durchgef\u00fchrt. <\/p>\n\n<h2 class=\"wp-block-heading\">Ihre Rechte<\/h2>\n\n<p>Gem\u00e4\u00df den Vorschriften haben Sie ein Recht auf Zugang, Berichtigung, L\u00f6schung, Widerspruch und das Recht auf Daten\u00fcbertragbarkeit bez\u00fcglich aller Sie betreffenden Daten.<\/p>\n\n<p>Sie haben auch das Recht auf Einschr\u00e4nkung der Verarbeitung Ihrer personenbezogenen Daten. Jede Person hat auch das Recht, keiner ausschlie\u00dflich auf einer automatisierten Verarbeitung, wie z.B. Profiling, beruhenden Einzelentscheidung unterworfen zu werden. Wenn Sie der Verarbeitung personenbezogener Daten zugestimmt haben, k\u00f6nnen Sie Ihre Einwilligung jederzeit widerrufen.  <\/p>\n\n<p><strong>Sie k\u00f6nnen diese Rechte kostenlos aus\u00fcben, abgesehen von den Kosten, die mit der \u00dcbermittlung der Anfrage verbunden sind, indem Sie sich an die folgenden Adressen wenden:<\/strong><\/p>\n\n<p><strong>Per E-Mail: <\/strong>info@lecentre-champery.ch<\/p>\n\n<p><strong>Per Post: <\/strong>Rue du Village 58, 1874 Champ\u00e9ry, Schweiz.<\/p>\n\n<h2 class=\"wp-block-heading\">Kontakt<\/h2>\n\n<p>F\u00fcr alle Informationsanfragen bez\u00fcglich der von L&#8217;Epicentre SA umgesetzten Datenschutzpolitik k\u00f6nnen Sie sich an folgende Adresse wenden: Le Centre Champ\u00e9ry, Rue du Village 58, 1874 Champ\u00e9ry, Schweiz.<\/p>\n","protected":false},"excerpt":{"rendered":"<p>Datenschutzrichtlinie L \u201e&#8217;Epicentre SA legt Wert auf den Schutz und die Vertraulichkeit personenbezogener Daten und verpflichtet sich, das h\u00f6chste Schutzniveau f\u00fcr Ihre personenbezogenen Daten zu gew\u00e4hrleisten.\u201c Diese Datenschutzerkl\u00e4rung erl\u00e4utert, wie L&#8217;Epicentre SA personenbezogene Daten von Nutzern seiner Website des Centre Champ\u00e9ry gem\u00e4\u00df dem Bundesgesetz \u00fcber den Datenschutz (DSG) und der Datenschutz-Grundverordnung (DSGVO) der Europ\u00e4ischen Union, [&hellip;]<\/p>\n","protected":false},"author":1,"featured_media":0,"parent":0,"menu_order":0,"comment_status":"closed","ping_status":"closed","template":"","meta":{"footnotes":""},"class_list":["post-1646","page","type-page","status-publish","hentry"],"yoast_head":"<!-- This site is optimized with the Yoast SEO plugin v27.3 - https:\/\/yoast.com\/product\/yoast-seo-wordpress\/ -->\n<title>Datenschutzerkl\u00e4rung | Le Centre Champery<\/title>\n<meta name=\"description\" content=\"Datenschutzerkl\u00e4rung von \u201eLe Centre Champ\u00e9ry\u201c. Schutz, Erfassung, Nutzung und Rechte an Ihren pers\u00f6nlichen Daten (DSG &amp; DSGVO).\" \/>\n<meta name=\"robots\" content=\"index, follow, max-snippet:-1, max-image-preview:large, max-video-preview:-1\" \/>\n<link rel=\"canonical\" href=\"https:\/\/lecentre-champery.ch\/de\/datenschutzerklaerung\/\" \/>\n<meta property=\"og:locale\" content=\"de_DE\" \/>\n<meta property=\"og:type\" content=\"article\" \/>\n<meta property=\"og:title\" content=\"Datenschutzerkl\u00e4rung | Le Centre Champery\" \/>\n<meta property=\"og:description\" content=\"Datenschutzerkl\u00e4rung von \u201eLe Centre Champ\u00e9ry\u201c. Schutz, Erfassung, Nutzung und Rechte an Ihren pers\u00f6nlichen Daten (DSG &amp; DSGVO).\" \/>\n<meta property=\"og:url\" content=\"https:\/\/lecentre-champery.ch\/de\/datenschutzerklaerung\/\" \/>\n<meta property=\"og:site_name\" content=\"Le Centre Champery\" \/>\n<meta property=\"article:modified_time\" content=\"2025-08-25T13:44:33+00:00\" \/>\n<meta name=\"twitter:card\" content=\"summary_large_image\" \/>\n<meta name=\"twitter:label1\" content=\"Gesch\u00e4tzte Lesezeit\" \/>\n\t<meta name=\"twitter:data1\" content=\"3 Minuten\" \/>\n<script type=\"application\/ld+json\" class=\"yoast-schema-graph\">{\"@context\":\"https:\\\/\\\/schema.org\",\"@graph\":[{\"@type\":\"WebPage\",\"@id\":\"https:\\\/\\\/lecentre-champery.ch\\\/de\\\/datenschutzerklaerung\\\/\",\"url\":\"https:\\\/\\\/lecentre-champery.ch\\\/de\\\/datenschutzerklaerung\\\/\",\"name\":\"Datenschutzerkl\u00e4rung | Le Centre Champery\",\"isPartOf\":{\"@id\":\"https:\\\/\\\/lecentre-champery.ch\\\/de\\\/#website\"},\"datePublished\":\"2025-02-27T14:53:11+00:00\",\"dateModified\":\"2025-08-25T13:44:33+00:00\",\"description\":\"Datenschutzerkl\u00e4rung von \u201eLe Centre Champ\u00e9ry\u201c. Schutz, Erfassung, Nutzung und Rechte an Ihren pers\u00f6nlichen Daten (DSG & DSGVO).\",\"breadcrumb\":{\"@id\":\"https:\\\/\\\/lecentre-champery.ch\\\/de\\\/datenschutzerklaerung\\\/#breadcrumb\"},\"inLanguage\":\"de\",\"potentialAction\":[{\"@type\":\"ReadAction\",\"target\":[\"https:\\\/\\\/lecentre-champery.ch\\\/de\\\/datenschutzerklaerung\\\/\"]}]},{\"@type\":\"BreadcrumbList\",\"@id\":\"https:\\\/\\\/lecentre-champery.ch\\\/de\\\/datenschutzerklaerung\\\/#breadcrumb\",\"itemListElement\":[{\"@type\":\"ListItem\",\"position\":1,\"name\":\"Home\",\"item\":\"https:\\\/\\\/lecentre-champery.ch\\\/de\\\/startseite-voll\\\/\"},{\"@type\":\"ListItem\",\"position\":2,\"name\":\"Datenschutzerkl\u00e4rung\"}]},{\"@type\":\"WebSite\",\"@id\":\"https:\\\/\\\/lecentre-champery.ch\\\/de\\\/#website\",\"url\":\"https:\\\/\\\/lecentre-champery.ch\\\/de\\\/\",\"name\":\"Le Centre Champery\",\"description\":\"\",\"publisher\":{\"@id\":\"https:\\\/\\\/lecentre-champery.ch\\\/de\\\/#organization\"},\"potentialAction\":[{\"@type\":\"SearchAction\",\"target\":{\"@type\":\"EntryPoint\",\"urlTemplate\":\"https:\\\/\\\/lecentre-champery.ch\\\/de\\\/?s={search_term_string}\"},\"query-input\":{\"@type\":\"PropertyValueSpecification\",\"valueRequired\":true,\"valueName\":\"search_term_string\"}}],\"inLanguage\":\"de\"},{\"@type\":\"Organization\",\"@id\":\"https:\\\/\\\/lecentre-champery.ch\\\/de\\\/#organization\",\"name\":\"Le centre Champery\",\"url\":\"https:\\\/\\\/lecentre-champery.ch\\\/de\\\/\",\"logo\":{\"@type\":\"ImageObject\",\"inLanguage\":\"de\",\"@id\":\"https:\\\/\\\/lecentre-champery.ch\\\/de\\\/#\\\/schema\\\/logo\\\/image\\\/\",\"url\":\"https:\\\/\\\/lecentre-champery.ch\\\/wp-content\\\/uploads\\\/2024\\\/11\\\/Green_Logo3x-new.png\",\"contentUrl\":\"https:\\\/\\\/lecentre-champery.ch\\\/wp-content\\\/uploads\\\/2024\\\/11\\\/Green_Logo3x-new.png\",\"width\":500,\"height\":490,\"caption\":\"Le centre Champery\"},\"image\":{\"@id\":\"https:\\\/\\\/lecentre-champery.ch\\\/de\\\/#\\\/schema\\\/logo\\\/image\\\/\"}}]}<\/script>\n<!-- \/ Yoast SEO plugin. -->","yoast_head_json":{"title":"Datenschutzerkl\u00e4rung | Le Centre Champery","description":"Datenschutzerkl\u00e4rung von \u201eLe Centre Champ\u00e9ry\u201c. Schutz, Erfassung, Nutzung und Rechte an Ihren pers\u00f6nlichen Daten (DSG & DSGVO).","robots":{"index":"index","follow":"follow","max-snippet":"max-snippet:-1","max-image-preview":"max-image-preview:large","max-video-preview":"max-video-preview:-1"},"canonical":"https:\/\/lecentre-champery.ch\/de\/datenschutzerklaerung\/","og_locale":"de_DE","og_type":"article","og_title":"Datenschutzerkl\u00e4rung | Le Centre Champery","og_description":"Datenschutzerkl\u00e4rung von \u201eLe Centre Champ\u00e9ry\u201c. Schutz, Erfassung, Nutzung und Rechte an Ihren pers\u00f6nlichen Daten (DSG & DSGVO).","og_url":"https:\/\/lecentre-champery.ch\/de\/datenschutzerklaerung\/","og_site_name":"Le Centre Champery","article_modified_time":"2025-08-25T13:44:33+00:00","twitter_card":"summary_large_image","twitter_misc":{"Gesch\u00e4tzte Lesezeit":"3 Minuten"},"schema":{"@context":"https:\/\/schema.org","@graph":[{"@type":"WebPage","@id":"https:\/\/lecentre-champery.ch\/de\/datenschutzerklaerung\/","url":"https:\/\/lecentre-champery.ch\/de\/datenschutzerklaerung\/","name":"Datenschutzerkl\u00e4rung | Le Centre Champery","isPartOf":{"@id":"https:\/\/lecentre-champery.ch\/de\/#website"},"datePublished":"2025-02-27T14:53:11+00:00","dateModified":"2025-08-25T13:44:33+00:00","description":"Datenschutzerkl\u00e4rung von \u201eLe Centre Champ\u00e9ry\u201c. Schutz, Erfassung, Nutzung und Rechte an Ihren pers\u00f6nlichen Daten (DSG & DSGVO).","breadcrumb":{"@id":"https:\/\/lecentre-champery.ch\/de\/datenschutzerklaerung\/#breadcrumb"},"inLanguage":"de","potentialAction":[{"@type":"ReadAction","target":["https:\/\/lecentre-champery.ch\/de\/datenschutzerklaerung\/"]}]},{"@type":"BreadcrumbList","@id":"https:\/\/lecentre-champery.ch\/de\/datenschutzerklaerung\/#breadcrumb","itemListElement":[{"@type":"ListItem","position":1,"name":"Home","item":"https:\/\/lecentre-champery.ch\/de\/startseite-voll\/"},{"@type":"ListItem","position":2,"name":"Datenschutzerkl\u00e4rung"}]},{"@type":"WebSite","@id":"https:\/\/lecentre-champery.ch\/de\/#website","url":"https:\/\/lecentre-champery.ch\/de\/","name":"Le Centre Champery","description":"","publisher":{"@id":"https:\/\/lecentre-champery.ch\/de\/#organization"},"potentialAction":[{"@type":"SearchAction","target":{"@type":"EntryPoint","urlTemplate":"https:\/\/lecentre-champery.ch\/de\/?s={search_term_string}"},"query-input":{"@type":"PropertyValueSpecification","valueRequired":true,"valueName":"search_term_string"}}],"inLanguage":"de"},{"@type":"Organization","@id":"https:\/\/lecentre-champery.ch\/de\/#organization","name":"Le centre Champery","url":"https:\/\/lecentre-champery.ch\/de\/","logo":{"@type":"ImageObject","inLanguage":"de","@id":"https:\/\/lecentre-champery.ch\/de\/#\/schema\/logo\/image\/","url":"https:\/\/lecentre-champery.ch\/wp-content\/uploads\/2024\/11\/Green_Logo3x-new.png","contentUrl":"https:\/\/lecentre-champery.ch\/wp-content\/uploads\/2024\/11\/Green_Logo3x-new.png","width":500,"height":490,"caption":"Le centre Champery"},"image":{"@id":"https:\/\/lecentre-champery.ch\/de\/#\/schema\/logo\/image\/"}}]}},"_links":{"self":[{"href":"https:\/\/lecentre-champery.ch\/de\/wp-json\/wp\/v2\/pages\/1646","targetHints":{"allow":["GET"]}}],"collection":[{"href":"https:\/\/lecentre-champery.ch\/de\/wp-json\/wp\/v2\/pages"}],"about":[{"href":"https:\/\/lecentre-champery.ch\/de\/wp-json\/wp\/v2\/types\/page"}],"author":[{"embeddable":true,"href":"https:\/\/lecentre-champery.ch\/de\/wp-json\/wp\/v2\/users\/1"}],"replies":[{"embeddable":true,"href":"https:\/\/lecentre-champery.ch\/de\/wp-json\/wp\/v2\/comments?post=1646"}],"version-history":[{"count":0,"href":"https:\/\/lecentre-champery.ch\/de\/wp-json\/wp\/v2\/pages\/1646\/revisions"}],"wp:attachment":[{"href":"https:\/\/lecentre-champery.ch\/de\/wp-json\/wp\/v2\/media?parent=1646"}],"curies":[{"name":"wp","href":"https:\/\/api.w.org\/{rel}","templated":true}]}}