{"id":1654,"date":"2025-03-14T10:15:18","date_gmt":"2025-03-14T10:15:18","guid":{"rendered":"https:\/\/lecentre-champery.ch\/rechtliche-hinweise-disclaimer\/"},"modified":"2025-08-25T13:52:09","modified_gmt":"2025-08-25T13:52:09","slug":"rechtliche-hinweise-disclaimer","status":"publish","type":"page","link":"https:\/\/lecentre-champery.ch\/de\/rechtliche-hinweise-disclaimer\/","title":{"rendered":"Rechtliche Hinweise \u2013 Disclaimer"},"content":{"rendered":"\n<h2 class=\"wp-block-heading\">1. Rechtliche Informationen<\/h2>\n\n<p>Die \u201eEpicentre SA, Autor und Betreiber dieser Website, \u00fcberpr\u00fcft und aktualisiert die Informationen auf ihren Webseiten st\u00e4ndig. Trotz sorgf\u00e4ltiger Bearbeitung und Aufmerksamkeit kann es vorkommen, dass Daten zwischenzeitlich ge\u00e4ndert werden. Wir \u00fcbernehmen daher keine Verantwortung oder Garantie f\u00fcr die Aktualit\u00e4t, Richtigkeit und Vollst\u00e4ndigkeit der ver\u00f6ffentlichten Informationen. Dies gilt auch f\u00fcr alle Webseiten, auf die Links verweisen. Die\u201c Epicentre SA lehnt jede Verantwortung f\u00fcr den Inhalt von Webseiten ab, die \u00fcber solche Links zug\u00e4nglich sind.    <\/p>\n\n<p>Die Epicentre SA beh\u00e4lt sich zudem das Recht vor, die bereitgestellten Informationen jederzeit zu \u00e4ndern oder zu erg\u00e4nzen. Der Inhalt und die Struktur der Webseiten des Centre Champ\u00e9ry, ver\u00f6ffentlicht von der Epicentre SA, sind urheberrechtlich gesch\u00fctzt. Jede Vervielf\u00e4ltigung von Informationen oder Daten, insbesondere die Verwendung von Texten, Textteilen oder Bildern, bedarf der vorherigen Zustimmung der Epicentre SA.  <\/p>\n\n<h2 class=\"wp-block-heading\">2. Haftung<\/h2>\n\n<p>Alle auf dieser Website bereitgestellten Informationen dienen ausschlie\u00dflich zu Informationszwecken und sind nicht bindend. In keinem Fall kann die Epicentre SA f\u00fcr die Richtigkeit und Vollst\u00e4ndigkeit der auf der Website enthaltenen Informationen und Meinungen verantwortlich gemacht werden. Die Epicentre SA garantiert nicht, dass die Website f\u00fcr Sie verf\u00fcgbar oder zug\u00e4nglich ist. Alle Garantien, Bedingungen oder vertraglichen Bestimmungen bez\u00fcglich der Qualit\u00e4t oder Eignung der Website f\u00fcr einen bestimmten Zweck m\u00fcssen ausdr\u00fccklich hier oder in einer zwischen Ihnen und der Epicentre SA geschlossenen Vereinbarung festgelegt werden.   <\/p>\n\n<h2 class=\"wp-block-heading\">3. Urheberrecht<\/h2>\n\n<p>Der gesamte Inhalt der Website unterliegt dem Urheberrecht. Alle Rechte sind vorbehalten. Sie d\u00fcrfen einzelne Seiten oder Teile der Website herunterladen oder auf Papier ausdrucken, sofern Sie die Hinweise zum Urheberrecht oder zum geistigen Eigentum nicht entfernen. Das Herunterladen oder Kopieren der Website bedeutet nicht, dass Sie Eigent\u00fcmer der Software oder anderer Materialien werden. Sie d\u00fcrfen die Website weder ganz noch teilweise reproduzieren, elektronisch oder auf andere Weise \u00fcbertragen, \u00e4ndern, Links erstellen oder sie ver\u00f6ffentlichen oder f\u00fcr kommerzielle Zwecke nutzen, es sei denn, die Epicentre SA hat Ihnen zuvor eine schriftliche Genehmigung erteilt.    <\/p>\n\n<h2 class=\"wp-block-heading\">4. Haftungsbeschr\u00e4nkungen<\/h2>\n\n<p>Die \u201eEpicentre SA lehnt jede Verantwortung f\u00fcr Verluste oder Sch\u00e4den jeglicher Art ab, einschlie\u00dflich atypischer, direkter oder indirekter Sch\u00e4den, sofern diese w\u00e4hrend des Besuchs der Website, ihrer Nutzung oder der Nutzung ihrer Dienste entstanden sind oder mit der Website in Verbindung stehen.\u201c Epicentre SA kann nicht verantwortlich gemacht werden, selbst wenn die M\u00f6glichkeit solcher Sch\u00e4den ausdr\u00fccklich erw\u00e4hnt wurde. Die \u201eEpicentre SA lehnt jede Verantwortung f\u00fcr M\u00e4ngel bei der elektronischen \u00dcbertragung von Informationen ab.\u201c Epicentre SA ist nicht haftbar, wenn die Sch\u00e4den vors\u00e4tzlich von Mitarbeitern oder infolge grober Fahrl\u00e4ssigkeit dieser verursacht wurden.   <\/p>\n\n<h2 class=\"wp-block-heading\">5. Links zu anderen Websites<\/h2>\n\n<p>Durch die Nutzung bestimmter Links auf der Website k\u00f6nnen Sie diese verlassen, um auf andere Websites zuzugreifen. Die Epicentre SA hat keine dieser Websites \u00fcberpr\u00fcft und kann daher weder deren Inhalt noch die dort angebotenen Produkte, Dienstleistungen oder andere Objekte empfehlen und kann f\u00fcr diese nicht verantwortlich gemacht werden. <\/p>\n\n<h2 class=\"wp-block-heading\"><strong>6. <\/strong>Cookies<\/h2>\n\n<p>Die Website-Anwendung enth\u00e4lt \u201eCookies\u201c. F\u00fcr weitere Informationen zu Cookies konsultieren Sie bitte unsere <em><a href=\"https:\/\/lecentre-champery.ch\/de\/datenschutzerklaerung\/\">Cookie-Richtlinie<\/a><\/em>. Sie k\u00f6nnen die Verwendung von Cookies deaktivieren, indem Sie die entsprechenden Einstellungen in Ihrem Browser vornehmen. Eine solche Deaktivierung k\u00f6nnte jedoch die Nutzung bestimmter Funktionen dieser Website verhindern.   <\/p>\n\n<h2 class=\"wp-block-heading\">7. Statistiken<\/h2>\n\n<p>Diese Website verwendet keinen Webanalyse-Dienst. Die durch Cookies generierten Daten \u00fcber Ihre Nutzung der Website (einschlie\u00dflich Ihrer IP-Adresse) werden nicht an externe Analysedienste in der Schweiz oder im Ausland \u00fcbermittelt. <\/p>\n\n<h2 class=\"wp-block-heading\">8. Anwendbares Recht und Gerichtsstand<\/h2>\n\n<p>Diese Rechtlichen Hinweise unterliegen schweizerischem Recht. Alle Streitigkeiten bez\u00fcglich ihrer Auslegung oder Ausf\u00fchrung werden den zust\u00e4ndigen Gerichten des Kantons Wallis unterbreitet. <\/p>\n\n<h2 class=\"wp-block-heading\">9. Kontakt<\/h2>\n\n<p>Bei Fragen zu diesen Rechtlichen Hinweisen kontaktieren Sie uns bitte unter <a href=\"mailto:info@lecentre-champery.ch\">info@lecentre-champery.ch<\/a>.<\/p>\n","protected":false},"excerpt":{"rendered":"<p>1. Rechtliche Informationen Die \u201eEpicentre SA, Autor und Betreiber dieser Website, \u00fcberpr\u00fcft und aktualisiert die Informationen auf ihren Webseiten st\u00e4ndig. Trotz sorgf\u00e4ltiger Bearbeitung und Aufmerksamkeit kann es vorkommen, dass Daten zwischenzeitlich ge\u00e4ndert werden. Wir \u00fcbernehmen daher keine Verantwortung oder Garantie f\u00fcr die Aktualit\u00e4t, Richtigkeit und Vollst\u00e4ndigkeit der ver\u00f6ffentlichten Informationen. Dies gilt auch f\u00fcr alle Webseiten, [&hellip;]<\/p>\n","protected":false},"author":1,"featured_media":0,"parent":0,"menu_order":0,"comment_status":"closed","ping_status":"closed","template":"","meta":{"footnotes":""},"class_list":["post-1654","page","type-page","status-publish","hentry"],"yoast_head":"<!-- This site is optimized with the Yoast SEO plugin v27.3 - https:\/\/yoast.com\/product\/yoast-seo-wordpress\/ -->\n<title>Rechtliche Hinweise \u2013 Disclaimer | Le Centre Champery<\/title>\n<meta name=\"description\" content=\"Impressum des Centre Champ\u00e9ry: Informationen, Haftung, Urheberrecht, Cookies, Statistiken und Kontakt.\" \/>\n<meta name=\"robots\" content=\"index, follow, max-snippet:-1, max-image-preview:large, max-video-preview:-1\" \/>\n<link rel=\"canonical\" href=\"https:\/\/lecentre-champery.ch\/de\/rechtliche-hinweise-disclaimer\/\" \/>\n<meta property=\"og:locale\" content=\"de_DE\" \/>\n<meta property=\"og:type\" content=\"article\" \/>\n<meta property=\"og:title\" content=\"Rechtliche Hinweise \u2013 Disclaimer | Le Centre Champery\" \/>\n<meta property=\"og:description\" content=\"Impressum des Centre Champ\u00e9ry: Informationen, Haftung, Urheberrecht, Cookies, Statistiken und Kontakt.\" \/>\n<meta property=\"og:url\" content=\"https:\/\/lecentre-champery.ch\/de\/rechtliche-hinweise-disclaimer\/\" \/>\n<meta property=\"og:site_name\" content=\"Le Centre Champery\" \/>\n<meta property=\"article:modified_time\" content=\"2025-08-25T13:52:09+00:00\" \/>\n<meta name=\"twitter:card\" content=\"summary_large_image\" \/>\n<meta name=\"twitter:label1\" content=\"Gesch\u00e4tzte Lesezeit\" \/>\n\t<meta name=\"twitter:data1\" content=\"3 Minuten\" \/>\n<script type=\"application\/ld+json\" class=\"yoast-schema-graph\">{\"@context\":\"https:\\\/\\\/schema.org\",\"@graph\":[{\"@type\":\"WebPage\",\"@id\":\"https:\\\/\\\/lecentre-champery.ch\\\/de\\\/rechtliche-hinweise-disclaimer\\\/\",\"url\":\"https:\\\/\\\/lecentre-champery.ch\\\/de\\\/rechtliche-hinweise-disclaimer\\\/\",\"name\":\"Rechtliche Hinweise \u2013 Disclaimer | Le Centre Champery\",\"isPartOf\":{\"@id\":\"https:\\\/\\\/lecentre-champery.ch\\\/de\\\/#website\"},\"datePublished\":\"2025-03-14T10:15:18+00:00\",\"dateModified\":\"2025-08-25T13:52:09+00:00\",\"description\":\"Impressum des Centre Champ\u00e9ry: Informationen, Haftung, Urheberrecht, Cookies, Statistiken und Kontakt.\",\"breadcrumb\":{\"@id\":\"https:\\\/\\\/lecentre-champery.ch\\\/de\\\/rechtliche-hinweise-disclaimer\\\/#breadcrumb\"},\"inLanguage\":\"de\",\"potentialAction\":[{\"@type\":\"ReadAction\",\"target\":[\"https:\\\/\\\/lecentre-champery.ch\\\/de\\\/rechtliche-hinweise-disclaimer\\\/\"]}]},{\"@type\":\"BreadcrumbList\",\"@id\":\"https:\\\/\\\/lecentre-champery.ch\\\/de\\\/rechtliche-hinweise-disclaimer\\\/#breadcrumb\",\"itemListElement\":[{\"@type\":\"ListItem\",\"position\":1,\"name\":\"Home\",\"item\":\"https:\\\/\\\/lecentre-champery.ch\\\/de\\\/startseite-voll\\\/\"},{\"@type\":\"ListItem\",\"position\":2,\"name\":\"Rechtliche Hinweise \u2013 Disclaimer\"}]},{\"@type\":\"WebSite\",\"@id\":\"https:\\\/\\\/lecentre-champery.ch\\\/de\\\/#website\",\"url\":\"https:\\\/\\\/lecentre-champery.ch\\\/de\\\/\",\"name\":\"Le Centre Champery\",\"description\":\"\",\"publisher\":{\"@id\":\"https:\\\/\\\/lecentre-champery.ch\\\/de\\\/#organization\"},\"potentialAction\":[{\"@type\":\"SearchAction\",\"target\":{\"@type\":\"EntryPoint\",\"urlTemplate\":\"https:\\\/\\\/lecentre-champery.ch\\\/de\\\/?s={search_term_string}\"},\"query-input\":{\"@type\":\"PropertyValueSpecification\",\"valueRequired\":true,\"valueName\":\"search_term_string\"}}],\"inLanguage\":\"de\"},{\"@type\":\"Organization\",\"@id\":\"https:\\\/\\\/lecentre-champery.ch\\\/de\\\/#organization\",\"name\":\"Le centre Champery\",\"url\":\"https:\\\/\\\/lecentre-champery.ch\\\/de\\\/\",\"logo\":{\"@type\":\"ImageObject\",\"inLanguage\":\"de\",\"@id\":\"https:\\\/\\\/lecentre-champery.ch\\\/de\\\/#\\\/schema\\\/logo\\\/image\\\/\",\"url\":\"https:\\\/\\\/lecentre-champery.ch\\\/wp-content\\\/uploads\\\/2024\\\/11\\\/Green_Logo3x-new.png\",\"contentUrl\":\"https:\\\/\\\/lecentre-champery.ch\\\/wp-content\\\/uploads\\\/2024\\\/11\\\/Green_Logo3x-new.png\",\"width\":500,\"height\":490,\"caption\":\"Le centre Champery\"},\"image\":{\"@id\":\"https:\\\/\\\/lecentre-champery.ch\\\/de\\\/#\\\/schema\\\/logo\\\/image\\\/\"}}]}<\/script>\n<!-- \/ Yoast SEO plugin. -->","yoast_head_json":{"title":"Rechtliche Hinweise \u2013 Disclaimer | Le Centre Champery","description":"Impressum des Centre Champ\u00e9ry: Informationen, Haftung, Urheberrecht, Cookies, Statistiken und Kontakt.","robots":{"index":"index","follow":"follow","max-snippet":"max-snippet:-1","max-image-preview":"max-image-preview:large","max-video-preview":"max-video-preview:-1"},"canonical":"https:\/\/lecentre-champery.ch\/de\/rechtliche-hinweise-disclaimer\/","og_locale":"de_DE","og_type":"article","og_title":"Rechtliche Hinweise \u2013 Disclaimer | Le Centre Champery","og_description":"Impressum des Centre Champ\u00e9ry: Informationen, Haftung, Urheberrecht, Cookies, Statistiken und Kontakt.","og_url":"https:\/\/lecentre-champery.ch\/de\/rechtliche-hinweise-disclaimer\/","og_site_name":"Le Centre Champery","article_modified_time":"2025-08-25T13:52:09+00:00","twitter_card":"summary_large_image","twitter_misc":{"Gesch\u00e4tzte Lesezeit":"3 Minuten"},"schema":{"@context":"https:\/\/schema.org","@graph":[{"@type":"WebPage","@id":"https:\/\/lecentre-champery.ch\/de\/rechtliche-hinweise-disclaimer\/","url":"https:\/\/lecentre-champery.ch\/de\/rechtliche-hinweise-disclaimer\/","name":"Rechtliche Hinweise \u2013 Disclaimer | Le Centre Champery","isPartOf":{"@id":"https:\/\/lecentre-champery.ch\/de\/#website"},"datePublished":"2025-03-14T10:15:18+00:00","dateModified":"2025-08-25T13:52:09+00:00","description":"Impressum des Centre Champ\u00e9ry: Informationen, Haftung, Urheberrecht, Cookies, Statistiken und Kontakt.","breadcrumb":{"@id":"https:\/\/lecentre-champery.ch\/de\/rechtliche-hinweise-disclaimer\/#breadcrumb"},"inLanguage":"de","potentialAction":[{"@type":"ReadAction","target":["https:\/\/lecentre-champery.ch\/de\/rechtliche-hinweise-disclaimer\/"]}]},{"@type":"BreadcrumbList","@id":"https:\/\/lecentre-champery.ch\/de\/rechtliche-hinweise-disclaimer\/#breadcrumb","itemListElement":[{"@type":"ListItem","position":1,"name":"Home","item":"https:\/\/lecentre-champery.ch\/de\/startseite-voll\/"},{"@type":"ListItem","position":2,"name":"Rechtliche Hinweise \u2013 Disclaimer"}]},{"@type":"WebSite","@id":"https:\/\/lecentre-champery.ch\/de\/#website","url":"https:\/\/lecentre-champery.ch\/de\/","name":"Le Centre Champery","description":"","publisher":{"@id":"https:\/\/lecentre-champery.ch\/de\/#organization"},"potentialAction":[{"@type":"SearchAction","target":{"@type":"EntryPoint","urlTemplate":"https:\/\/lecentre-champery.ch\/de\/?s={search_term_string}"},"query-input":{"@type":"PropertyValueSpecification","valueRequired":true,"valueName":"search_term_string"}}],"inLanguage":"de"},{"@type":"Organization","@id":"https:\/\/lecentre-champery.ch\/de\/#organization","name":"Le centre Champery","url":"https:\/\/lecentre-champery.ch\/de\/","logo":{"@type":"ImageObject","inLanguage":"de","@id":"https:\/\/lecentre-champery.ch\/de\/#\/schema\/logo\/image\/","url":"https:\/\/lecentre-champery.ch\/wp-content\/uploads\/2024\/11\/Green_Logo3x-new.png","contentUrl":"https:\/\/lecentre-champery.ch\/wp-content\/uploads\/2024\/11\/Green_Logo3x-new.png","width":500,"height":490,"caption":"Le centre Champery"},"image":{"@id":"https:\/\/lecentre-champery.ch\/de\/#\/schema\/logo\/image\/"}}]}},"_links":{"self":[{"href":"https:\/\/lecentre-champery.ch\/de\/wp-json\/wp\/v2\/pages\/1654","targetHints":{"allow":["GET"]}}],"collection":[{"href":"https:\/\/lecentre-champery.ch\/de\/wp-json\/wp\/v2\/pages"}],"about":[{"href":"https:\/\/lecentre-champery.ch\/de\/wp-json\/wp\/v2\/types\/page"}],"author":[{"embeddable":true,"href":"https:\/\/lecentre-champery.ch\/de\/wp-json\/wp\/v2\/users\/1"}],"replies":[{"embeddable":true,"href":"https:\/\/lecentre-champery.ch\/de\/wp-json\/wp\/v2\/comments?post=1654"}],"version-history":[{"count":0,"href":"https:\/\/lecentre-champery.ch\/de\/wp-json\/wp\/v2\/pages\/1654\/revisions"}],"wp:attachment":[{"href":"https:\/\/lecentre-champery.ch\/de\/wp-json\/wp\/v2\/media?parent=1654"}],"curies":[{"name":"wp","href":"https:\/\/api.w.org\/{rel}","templated":true}]}}