{"id":1713,"date":"2024-11-21T07:12:07","date_gmt":"2024-11-21T07:12:07","guid":{"rendered":"https:\/\/lecentre-champery.ch\/die-geschichte-des-zentrums\/"},"modified":"2025-09-07T15:34:14","modified_gmt":"2025-09-07T15:34:14","slug":"die-geschichte-des-zentrums","status":"publish","type":"page","link":"https:\/\/lecentre-champery.ch\/de\/die-geschichte-des-zentrums\/","title":{"rendered":"Die Geschichte des Zentrums"},"content":{"rendered":"\t\t<div data-elementor-type=\"wp-page\" data-elementor-id=\"1713\" class=\"elementor elementor-1713 elementor-22\" data-elementor-post-type=\"page\">\n\t\t\t\t<div class=\"elementor-element elementor-element-7ba0d643 e-con-full e-flex e-con e-parent\" data-id=\"7ba0d643\" data-element_type=\"container\" data-e-type=\"container\" data-settings=\"{&quot;background_background&quot;:&quot;classic&quot;}\">\n\t\t\t\t<div class=\"elementor-element elementor-element-4ec49f4e animated-slow elementor-invisible elementor-widget elementor-widget-heading\" data-id=\"4ec49f4e\" data-element_type=\"widget\" data-e-type=\"widget\" data-settings=\"{&quot;_animation&quot;:&quot;fadeInUp&quot;,&quot;_animation_delay&quot;:500}\" data-widget_type=\"heading.default\">\n\t\t\t\t<div class=\"elementor-widget-container\">\n\t\t\t\t\t<h1 class=\"elementor-heading-title elementor-size-default\">Die Geschichte des Zentrums<\/h1>\t\t\t\t<\/div>\n\t\t\t\t<\/div>\n\t\t\t\t<div class=\"elementor-element elementor-element-3247ec8a elementor-widget__width-initial elementor-absolute animated-slow elementor-widget-divider--view-line elementor-invisible elementor-widget elementor-widget-divider\" data-id=\"3247ec8a\" data-element_type=\"widget\" data-e-type=\"widget\" data-settings=\"{&quot;_position&quot;:&quot;absolute&quot;,&quot;_animation&quot;:&quot;fadeInUp&quot;}\" data-widget_type=\"divider.default\">\n\t\t\t\t<div class=\"elementor-widget-container\">\n\t\t\t\t\t\t\t<div class=\"elementor-divider\">\n\t\t\t<span class=\"elementor-divider-separator\">\n\t\t\t\t\t\t<\/span>\n\t\t<\/div>\n\t\t\t\t\t\t<\/div>\n\t\t\t\t<\/div>\n\t\t\t\t<\/div>\n\t\t<div class=\"elementor-element elementor-element-3ca7aab e-con-full myeffect e-grid e-con e-child\" data-id=\"3ca7aab\" data-element_type=\"container\" data-e-type=\"container\">\n\t\t<div class=\"elementor-element elementor-element-aae9106 e-con-full e-flex e-con e-child\" data-id=\"aae9106\" data-element_type=\"container\" data-e-type=\"container\">\n\t\t\t\t<div class=\"elementor-element elementor-element-0593fce elementor-invisible elementor-widget elementor-widget-heading\" data-id=\"0593fce\" data-element_type=\"widget\" data-e-type=\"widget\" data-settings=\"{&quot;_animation&quot;:&quot;fadeInUp&quot;}\" data-widget_type=\"heading.default\">\n\t\t\t\t<div class=\"elementor-widget-container\">\n\t\t\t\t\t<h2 class=\"elementor-heading-title elementor-size-default\">Eine Geschichte, die tief im Herzen von Champ\u00e9ry verwurzelt ist<\/h2>\t\t\t\t<\/div>\n\t\t\t\t<\/div>\n\t\t\t\t<div class=\"elementor-element elementor-element-94faec0 elementor-widget elementor-widget-heading\" data-id=\"94faec0\" data-element_type=\"widget\" data-e-type=\"widget\" data-widget_type=\"heading.default\">\n\t\t\t\t<div class=\"elementor-widget-container\">\n\t\t\t\t\t<h2 class=\"elementor-heading-title elementor-size-default\">Von einem historischen Chalet zu einem Multi-Konzept-Raum<\/h2>\t\t\t\t<\/div>\n\t\t\t\t<\/div>\n\t\t\t\t<div class=\"elementor-element elementor-element-f5fcfd9 elementor-widget-tablet__width-inherit elementor-invisible elementor-widget elementor-widget-text-editor\" data-id=\"f5fcfd9\" data-element_type=\"widget\" data-e-type=\"widget\" data-settings=\"{&quot;_animation&quot;:&quot;fadeInUp&quot;}\" data-widget_type=\"text-editor.default\">\n\t\t\t\t<div class=\"elementor-widget-container\">\n\t\t\t\t\t\t\t\t\t<p>Im 18. Jahrhundert in einem denkmalgesch\u00fctzten Chalet entstanden, hat sich Le Centre \u00fcber Generationen hinweg als Wahrzeichen des Dorfes etabliert. Heute sorgf\u00e4ltig renoviert, verbindet es Authentizit\u00e4t mit Modernit\u00e4t und beherbergt ein Caf\u00e9, ein Restaurant, Veranstaltungen, Unterk\u00fcnfte und kulinarische Erlebnisse. <\/p>\t\t\t\t\t\t\t\t<\/div>\n\t\t\t\t<\/div>\n\t\t\t\t<\/div>\n\t\t\t\t<div class=\"elementor-element elementor-element-7c42786 elementor-widget elementor-widget-image\" data-id=\"7c42786\" data-element_type=\"widget\" data-e-type=\"widget\" data-widget_type=\"image.default\">\n\t\t\t\t<div class=\"elementor-widget-container\">\n\t\t\t\t\t\t\t\t\t\t\t\t\t\t\t<img fetchpriority=\"high\" decoding=\"async\" width=\"1916\" height=\"1114\" src=\"https:\/\/lecentre-champery.ch\/wp-content\/uploads\/2024\/12\/House-01.png\" class=\"attachment-full size-full wp-image-1377\" alt=\"le Centre Champ\u00e9ry\" srcset=\"https:\/\/lecentre-champery.ch\/wp-content\/uploads\/2024\/12\/House-01.png 1916w, https:\/\/lecentre-champery.ch\/wp-content\/uploads\/2024\/12\/House-01-300x174.png 300w, https:\/\/lecentre-champery.ch\/wp-content\/uploads\/2024\/12\/House-01-1024x595.png 1024w, https:\/\/lecentre-champery.ch\/wp-content\/uploads\/2024\/12\/House-01-768x447.png 768w, https:\/\/lecentre-champery.ch\/wp-content\/uploads\/2024\/12\/House-01-1536x893.png 1536w\" sizes=\"(max-width: 1916px) 100vw, 1916px\" \/>\t\t\t\t\t\t\t\t\t\t\t\t\t\t\t<\/div>\n\t\t\t\t<\/div>\n\t\t\t\t<\/div>\n\t\t<div class=\"elementor-element elementor-element-e50b8f4 e-con-full myeffect e-flex e-con e-child\" data-id=\"e50b8f4\" data-element_type=\"container\" data-e-type=\"container\">\n\t\t<div class=\"elementor-element elementor-element-7a38377 e-con-full e-flex elementor-invisible e-con e-child\" data-id=\"7a38377\" data-element_type=\"container\" data-e-type=\"container\" data-settings=\"{&quot;animation&quot;:&quot;fadeInUp&quot;}\">\n\t\t\t\t<div class=\"elementor-element elementor-element-aa03267 elementor-widget elementor-widget-heading\" data-id=\"aa03267\" data-element_type=\"widget\" data-e-type=\"widget\" data-widget_type=\"heading.default\">\n\t\t\t\t<div class=\"elementor-widget-container\">\n\t\t\t\t\t<span class=\"elementor-heading-title elementor-size-default\">Ein Ort, der tief im Leben von Champ\u00e9ry verwurzelt ist<\/span>\t\t\t\t<\/div>\n\t\t\t\t<\/div>\n\t\t\t\t<div class=\"elementor-element elementor-element-0a04c09 elementor-widget elementor-widget-text-editor\" data-id=\"0a04c09\" data-element_type=\"widget\" data-e-type=\"widget\" data-widget_type=\"text-editor.default\">\n\t\t\t\t<div class=\"elementor-widget-container\">\n\t\t\t\t\t\t\t\t\t<p>Im Herzen des Dorfes f\u00fcgt sich Le Centre nahtlos in die authentische Atmosph\u00e4re von Champ\u00e9ry ein. Umgeben von majest\u00e4tischen Bergen und nahe den Wanderwegen bietet es einen privilegierten Zugang zum lokalen Leben, zwischen Schweizer Traditionen, unber\u00fchrter Natur und herzlicher Gastfreundschaft. <\/p><h6>Bildnachweis: Region Dents du Midi<\/h6>\t\t\t\t\t\t\t\t<\/div>\n\t\t\t\t<\/div>\n\t\t\t\t<div class=\"elementor-element elementor-element-5ca79c0 elementor-mobile-align-justify elementor-invisible elementor-widget elementor-widget-button\" data-id=\"5ca79c0\" data-element_type=\"widget\" data-e-type=\"widget\" data-settings=\"{&quot;_animation&quot;:&quot;fadeInUp&quot;}\" data-widget_type=\"button.default\">\n\t\t\t\t<div class=\"elementor-widget-container\">\n\t\t\t\t\t\t\t\t\t<div class=\"elementor-button-wrapper\">\n\t\t\t\t\t<a class=\"elementor-button elementor-button-link elementor-size-sm elementor-animation-sink\" href=\"https:\/\/lecentre-champery.ch\/de\/kontakt\/\">\n\t\t\t\t\t\t<span class=\"elementor-button-content-wrapper\">\n\t\t\t\t\t\t\t\t\t<span class=\"elementor-button-text\">Unser Standort<\/span>\n\t\t\t\t\t<\/span>\n\t\t\t\t\t<\/a>\n\t\t\t\t<\/div>\n\t\t\t\t\t\t\t\t<\/div>\n\t\t\t\t<\/div>\n\t\t\t\t<\/div>\n\t\t<div class=\"elementor-element elementor-element-0913c95 e-con-full e-flex e-con e-child\" data-id=\"0913c95\" data-element_type=\"container\" data-e-type=\"container\" data-settings=\"{&quot;shape_divider_top&quot;:&quot;mountains&quot;}\">\n\t\t\t\t<div class=\"elementor-shape elementor-shape-top\" aria-hidden=\"true\" data-negative=\"false\">\n\t\t\t<svg xmlns=\"http:\/\/www.w3.org\/2000\/svg\" viewBox=\"0 0 1000 100\" preserveAspectRatio=\"none\">\n\t<path class=\"elementor-shape-fill\" opacity=\"0.33\" d=\"M473,67.3c-203.9,88.3-263.1-34-320.3,0C66,119.1,0,59.7,0,59.7V0h1000v59.7 c0,0-62.1,26.1-94.9,29.3c-32.8,3.3-62.8-12.3-75.8-22.1C806,49.6,745.3,8.7,694.9,4.7S492.4,59,473,67.3z\"\/>\n\t<path class=\"elementor-shape-fill\" opacity=\"0.66\" d=\"M734,67.3c-45.5,0-77.2-23.2-129.1-39.1c-28.6-8.7-150.3-10.1-254,39.1 s-91.7-34.4-149.2,0C115.7,118.3,0,39.8,0,39.8V0h1000v36.5c0,0-28.2-18.5-92.1-18.5C810.2,18.1,775.7,67.3,734,67.3z\"\/>\n\t<path class=\"elementor-shape-fill\" d=\"M766.1,28.9c-200-57.5-266,65.5-395.1,19.5C242,1.8,242,5.4,184.8,20.6C128,35.8,132.3,44.9,89.9,52.5C28.6,63.7,0,0,0,0 h1000c0,0-9.9,40.9-83.6,48.1S829.6,47,766.1,28.9z\"\/>\n<\/svg>\t\t<\/div>\n\t\t\t\t<div class=\"elementor-element elementor-element-8439d90 elementor-widget__width-initial elementor-widget-mobile__width-inherit elementor-invisible elementor-widget elementor-widget-image\" data-id=\"8439d90\" data-element_type=\"widget\" data-e-type=\"widget\" data-settings=\"{&quot;_animation&quot;:&quot;fadeIn&quot;}\" data-widget_type=\"image.default\">\n\t\t\t\t<div class=\"elementor-widget-container\">\n\t\t\t\t\t\t\t\t\t\t\t\t\t\t\t<img decoding=\"async\" width=\"2560\" height=\"1707\" src=\"https:\/\/lecentre-champery.ch\/wp-content\/uploads\/2025\/08\/champery_cp-gabrielpremand_-scaled.jpg\" class=\"attachment-full size-full wp-image-1906\" alt=\"\" srcset=\"https:\/\/lecentre-champery.ch\/wp-content\/uploads\/2025\/08\/champery_cp-gabrielpremand_-scaled.jpg 2560w, https:\/\/lecentre-champery.ch\/wp-content\/uploads\/2025\/08\/champery_cp-gabrielpremand_-300x200.jpg 300w, https:\/\/lecentre-champery.ch\/wp-content\/uploads\/2025\/08\/champery_cp-gabrielpremand_-1024x683.jpg 1024w, https:\/\/lecentre-champery.ch\/wp-content\/uploads\/2025\/08\/champery_cp-gabrielpremand_-768x512.jpg 768w, https:\/\/lecentre-champery.ch\/wp-content\/uploads\/2025\/08\/champery_cp-gabrielpremand_-1536x1024.jpg 1536w, https:\/\/lecentre-champery.ch\/wp-content\/uploads\/2025\/08\/champery_cp-gabrielpremand_-2048x1365.jpg 2048w\" sizes=\"(max-width: 2560px) 100vw, 2560px\" \/>\t\t\t\t\t\t\t\t\t\t\t\t\t\t\t<\/div>\n\t\t\t\t<\/div>\n\t\t\t\t<div class=\"elementor-element elementor-element-1bad392 elementor-widget__width-initial elementor-widget-mobile__width-inherit elementor-invisible elementor-widget elementor-widget-image\" data-id=\"1bad392\" data-element_type=\"widget\" data-e-type=\"widget\" data-settings=\"{&quot;_animation&quot;:&quot;fadeIn&quot;}\" data-widget_type=\"image.default\">\n\t\t\t\t<div class=\"elementor-widget-container\">\n\t\t\t\t\t\t\t\t\t\t\t\t\t\t\t<img decoding=\"async\" width=\"2560\" height=\"1440\" src=\"https:\/\/lecentre-champery.ch\/wp-content\/uploads\/2025\/08\/dents-du-midi-lescrosets_cp-gabrielpremand-1-scaled.jpg\" class=\"attachment-full size-full wp-image-1963\" alt=\"\" srcset=\"https:\/\/lecentre-champery.ch\/wp-content\/uploads\/2025\/08\/dents-du-midi-lescrosets_cp-gabrielpremand-1-scaled.jpg 2560w, https:\/\/lecentre-champery.ch\/wp-content\/uploads\/2025\/08\/dents-du-midi-lescrosets_cp-gabrielpremand-1-300x169.jpg 300w, https:\/\/lecentre-champery.ch\/wp-content\/uploads\/2025\/08\/dents-du-midi-lescrosets_cp-gabrielpremand-1-1024x576.jpg 1024w, https:\/\/lecentre-champery.ch\/wp-content\/uploads\/2025\/08\/dents-du-midi-lescrosets_cp-gabrielpremand-1-768x432.jpg 768w, https:\/\/lecentre-champery.ch\/wp-content\/uploads\/2025\/08\/dents-du-midi-lescrosets_cp-gabrielpremand-1-1536x864.jpg 1536w, https:\/\/lecentre-champery.ch\/wp-content\/uploads\/2025\/08\/dents-du-midi-lescrosets_cp-gabrielpremand-1-2048x1152.jpg 2048w\" sizes=\"(max-width: 2560px) 100vw, 2560px\" \/>\t\t\t\t\t\t\t\t\t\t\t\t\t\t\t<\/div>\n\t\t\t\t<\/div>\n\t\t\t\t<\/div>\n\t\t\t\t<\/div>\n\t\t\t\t<\/div>\n\t\t","protected":false},"excerpt":{"rendered":"<p>Die Geschichte des Zentrums Eine Geschichte, die tief im Herzen von Champ\u00e9ry verwurzelt ist Von einem historischen Chalet zu einem Multi-Konzept-Raum Im 18. Jahrhundert in einem denkmalgesch\u00fctzten Chalet entstanden, hat sich Le Centre \u00fcber Generationen hinweg als Wahrzeichen des Dorfes etabliert. Heute sorgf\u00e4ltig renoviert, verbindet es Authentizit\u00e4t mit Modernit\u00e4t und beherbergt ein Caf\u00e9, ein Restaurant, [&hellip;]<\/p>\n","protected":false},"author":1,"featured_media":0,"parent":0,"menu_order":0,"comment_status":"closed","ping_status":"closed","template":"","meta":{"footnotes":""},"class_list":["post-1713","page","type-page","status-publish","hentry"],"yoast_head":"<!-- This site is optimized with the Yoast SEO plugin v27.3 - https:\/\/yoast.com\/product\/yoast-seo-wordpress\/ -->\n<title>Die Geschichte des Zentrums | Le Centre Champery<\/title>\n<meta name=\"description\" content=\"Centre Champ\u00e9ry: Caf\u00e9-Bar, Restaurant, Carnotzet, Foodtruck, Apartments. Tisch\/Zimmer reservieren. Geschichte \u00d6ffnungszeiten.\" \/>\n<meta name=\"robots\" content=\"index, follow, max-snippet:-1, max-image-preview:large, max-video-preview:-1\" \/>\n<link rel=\"canonical\" href=\"https:\/\/lecentre-champery.ch\/de\/die-geschichte-des-zentrums\/\" \/>\n<meta property=\"og:locale\" content=\"de_DE\" \/>\n<meta property=\"og:type\" content=\"article\" \/>\n<meta property=\"og:title\" content=\"Die Geschichte des Zentrums | Le Centre Champery\" \/>\n<meta property=\"og:description\" content=\"Centre Champ\u00e9ry: Caf\u00e9-Bar, Restaurant, Carnotzet, Foodtruck, Apartments. Tisch\/Zimmer reservieren. Geschichte \u00d6ffnungszeiten.\" \/>\n<meta property=\"og:url\" content=\"https:\/\/lecentre-champery.ch\/de\/die-geschichte-des-zentrums\/\" \/>\n<meta property=\"og:site_name\" content=\"Le Centre Champery\" \/>\n<meta property=\"article:modified_time\" content=\"2025-09-07T15:34:14+00:00\" \/>\n<meta property=\"og:image\" content=\"https:\/\/lecentre-champery.ch\/wp-content\/uploads\/2024\/12\/House-01.png\" \/>\n\t<meta property=\"og:image:width\" content=\"1916\" \/>\n\t<meta property=\"og:image:height\" content=\"1114\" \/>\n\t<meta property=\"og:image:type\" content=\"image\/png\" \/>\n<meta name=\"twitter:card\" content=\"summary_large_image\" \/>\n<meta name=\"twitter:label1\" content=\"Gesch\u00e4tzte Lesezeit\" \/>\n\t<meta name=\"twitter:data1\" content=\"2 Minuten\" \/>\n<script type=\"application\/ld+json\" class=\"yoast-schema-graph\">{\"@context\":\"https:\\\/\\\/schema.org\",\"@graph\":[{\"@type\":\"WebPage\",\"@id\":\"https:\\\/\\\/lecentre-champery.ch\\\/de\\\/die-geschichte-des-zentrums\\\/\",\"url\":\"https:\\\/\\\/lecentre-champery.ch\\\/de\\\/die-geschichte-des-zentrums\\\/\",\"name\":\"Die Geschichte des Zentrums | Le Centre Champery\",\"isPartOf\":{\"@id\":\"https:\\\/\\\/lecentre-champery.ch\\\/de\\\/#website\"},\"primaryImageOfPage\":{\"@id\":\"https:\\\/\\\/lecentre-champery.ch\\\/de\\\/die-geschichte-des-zentrums\\\/#primaryimage\"},\"image\":{\"@id\":\"https:\\\/\\\/lecentre-champery.ch\\\/de\\\/die-geschichte-des-zentrums\\\/#primaryimage\"},\"thumbnailUrl\":\"https:\\\/\\\/lecentre-champery.ch\\\/wp-content\\\/uploads\\\/2024\\\/12\\\/House-01.png\",\"datePublished\":\"2024-11-21T07:12:07+00:00\",\"dateModified\":\"2025-09-07T15:34:14+00:00\",\"description\":\"Centre Champ\u00e9ry: Caf\u00e9-Bar, Restaurant, Carnotzet, Foodtruck, Apartments. Tisch\\\/Zimmer reservieren. Geschichte \u00d6ffnungszeiten.\",\"breadcrumb\":{\"@id\":\"https:\\\/\\\/lecentre-champery.ch\\\/de\\\/die-geschichte-des-zentrums\\\/#breadcrumb\"},\"inLanguage\":\"de\",\"potentialAction\":[{\"@type\":\"ReadAction\",\"target\":[\"https:\\\/\\\/lecentre-champery.ch\\\/de\\\/die-geschichte-des-zentrums\\\/\"]}]},{\"@type\":\"ImageObject\",\"inLanguage\":\"de\",\"@id\":\"https:\\\/\\\/lecentre-champery.ch\\\/de\\\/die-geschichte-des-zentrums\\\/#primaryimage\",\"url\":\"https:\\\/\\\/lecentre-champery.ch\\\/wp-content\\\/uploads\\\/2024\\\/12\\\/House-01.png\",\"contentUrl\":\"https:\\\/\\\/lecentre-champery.ch\\\/wp-content\\\/uploads\\\/2024\\\/12\\\/House-01.png\"},{\"@type\":\"BreadcrumbList\",\"@id\":\"https:\\\/\\\/lecentre-champery.ch\\\/de\\\/die-geschichte-des-zentrums\\\/#breadcrumb\",\"itemListElement\":[{\"@type\":\"ListItem\",\"position\":1,\"name\":\"Home\",\"item\":\"https:\\\/\\\/lecentre-champery.ch\\\/de\\\/startseite-voll\\\/\"},{\"@type\":\"ListItem\",\"position\":2,\"name\":\"Die Geschichte des Zentrums\"}]},{\"@type\":\"WebSite\",\"@id\":\"https:\\\/\\\/lecentre-champery.ch\\\/de\\\/#website\",\"url\":\"https:\\\/\\\/lecentre-champery.ch\\\/de\\\/\",\"name\":\"Le Centre Champery\",\"description\":\"\",\"publisher\":{\"@id\":\"https:\\\/\\\/lecentre-champery.ch\\\/de\\\/#organization\"},\"potentialAction\":[{\"@type\":\"SearchAction\",\"target\":{\"@type\":\"EntryPoint\",\"urlTemplate\":\"https:\\\/\\\/lecentre-champery.ch\\\/de\\\/?s={search_term_string}\"},\"query-input\":{\"@type\":\"PropertyValueSpecification\",\"valueRequired\":true,\"valueName\":\"search_term_string\"}}],\"inLanguage\":\"de\"},{\"@type\":\"Organization\",\"@id\":\"https:\\\/\\\/lecentre-champery.ch\\\/de\\\/#organization\",\"name\":\"Le centre Champery\",\"url\":\"https:\\\/\\\/lecentre-champery.ch\\\/de\\\/\",\"logo\":{\"@type\":\"ImageObject\",\"inLanguage\":\"de\",\"@id\":\"https:\\\/\\\/lecentre-champery.ch\\\/de\\\/#\\\/schema\\\/logo\\\/image\\\/\",\"url\":\"https:\\\/\\\/lecentre-champery.ch\\\/wp-content\\\/uploads\\\/2024\\\/11\\\/Green_Logo3x-new.png\",\"contentUrl\":\"https:\\\/\\\/lecentre-champery.ch\\\/wp-content\\\/uploads\\\/2024\\\/11\\\/Green_Logo3x-new.png\",\"width\":500,\"height\":490,\"caption\":\"Le centre Champery\"},\"image\":{\"@id\":\"https:\\\/\\\/lecentre-champery.ch\\\/de\\\/#\\\/schema\\\/logo\\\/image\\\/\"}}]}<\/script>\n<!-- \/ Yoast SEO plugin. -->","yoast_head_json":{"title":"Die Geschichte des Zentrums | Le Centre Champery","description":"Centre Champ\u00e9ry: Caf\u00e9-Bar, Restaurant, Carnotzet, Foodtruck, Apartments. Tisch\/Zimmer reservieren. Geschichte \u00d6ffnungszeiten.","robots":{"index":"index","follow":"follow","max-snippet":"max-snippet:-1","max-image-preview":"max-image-preview:large","max-video-preview":"max-video-preview:-1"},"canonical":"https:\/\/lecentre-champery.ch\/de\/die-geschichte-des-zentrums\/","og_locale":"de_DE","og_type":"article","og_title":"Die Geschichte des Zentrums | Le Centre Champery","og_description":"Centre Champ\u00e9ry: Caf\u00e9-Bar, Restaurant, Carnotzet, Foodtruck, Apartments. Tisch\/Zimmer reservieren. Geschichte \u00d6ffnungszeiten.","og_url":"https:\/\/lecentre-champery.ch\/de\/die-geschichte-des-zentrums\/","og_site_name":"Le Centre Champery","article_modified_time":"2025-09-07T15:34:14+00:00","og_image":[{"width":1916,"height":1114,"url":"https:\/\/lecentre-champery.ch\/wp-content\/uploads\/2024\/12\/House-01.png","type":"image\/png"}],"twitter_card":"summary_large_image","twitter_misc":{"Gesch\u00e4tzte Lesezeit":"2 Minuten"},"schema":{"@context":"https:\/\/schema.org","@graph":[{"@type":"WebPage","@id":"https:\/\/lecentre-champery.ch\/de\/die-geschichte-des-zentrums\/","url":"https:\/\/lecentre-champery.ch\/de\/die-geschichte-des-zentrums\/","name":"Die Geschichte des Zentrums | Le Centre Champery","isPartOf":{"@id":"https:\/\/lecentre-champery.ch\/de\/#website"},"primaryImageOfPage":{"@id":"https:\/\/lecentre-champery.ch\/de\/die-geschichte-des-zentrums\/#primaryimage"},"image":{"@id":"https:\/\/lecentre-champery.ch\/de\/die-geschichte-des-zentrums\/#primaryimage"},"thumbnailUrl":"https:\/\/lecentre-champery.ch\/wp-content\/uploads\/2024\/12\/House-01.png","datePublished":"2024-11-21T07:12:07+00:00","dateModified":"2025-09-07T15:34:14+00:00","description":"Centre Champ\u00e9ry: Caf\u00e9-Bar, Restaurant, Carnotzet, Foodtruck, Apartments. Tisch\/Zimmer reservieren. Geschichte \u00d6ffnungszeiten.","breadcrumb":{"@id":"https:\/\/lecentre-champery.ch\/de\/die-geschichte-des-zentrums\/#breadcrumb"},"inLanguage":"de","potentialAction":[{"@type":"ReadAction","target":["https:\/\/lecentre-champery.ch\/de\/die-geschichte-des-zentrums\/"]}]},{"@type":"ImageObject","inLanguage":"de","@id":"https:\/\/lecentre-champery.ch\/de\/die-geschichte-des-zentrums\/#primaryimage","url":"https:\/\/lecentre-champery.ch\/wp-content\/uploads\/2024\/12\/House-01.png","contentUrl":"https:\/\/lecentre-champery.ch\/wp-content\/uploads\/2024\/12\/House-01.png"},{"@type":"BreadcrumbList","@id":"https:\/\/lecentre-champery.ch\/de\/die-geschichte-des-zentrums\/#breadcrumb","itemListElement":[{"@type":"ListItem","position":1,"name":"Home","item":"https:\/\/lecentre-champery.ch\/de\/startseite-voll\/"},{"@type":"ListItem","position":2,"name":"Die Geschichte des Zentrums"}]},{"@type":"WebSite","@id":"https:\/\/lecentre-champery.ch\/de\/#website","url":"https:\/\/lecentre-champery.ch\/de\/","name":"Le Centre Champery","description":"","publisher":{"@id":"https:\/\/lecentre-champery.ch\/de\/#organization"},"potentialAction":[{"@type":"SearchAction","target":{"@type":"EntryPoint","urlTemplate":"https:\/\/lecentre-champery.ch\/de\/?s={search_term_string}"},"query-input":{"@type":"PropertyValueSpecification","valueRequired":true,"valueName":"search_term_string"}}],"inLanguage":"de"},{"@type":"Organization","@id":"https:\/\/lecentre-champery.ch\/de\/#organization","name":"Le centre Champery","url":"https:\/\/lecentre-champery.ch\/de\/","logo":{"@type":"ImageObject","inLanguage":"de","@id":"https:\/\/lecentre-champery.ch\/de\/#\/schema\/logo\/image\/","url":"https:\/\/lecentre-champery.ch\/wp-content\/uploads\/2024\/11\/Green_Logo3x-new.png","contentUrl":"https:\/\/lecentre-champery.ch\/wp-content\/uploads\/2024\/11\/Green_Logo3x-new.png","width":500,"height":490,"caption":"Le centre Champery"},"image":{"@id":"https:\/\/lecentre-champery.ch\/de\/#\/schema\/logo\/image\/"}}]}},"_links":{"self":[{"href":"https:\/\/lecentre-champery.ch\/de\/wp-json\/wp\/v2\/pages\/1713","targetHints":{"allow":["GET"]}}],"collection":[{"href":"https:\/\/lecentre-champery.ch\/de\/wp-json\/wp\/v2\/pages"}],"about":[{"href":"https:\/\/lecentre-champery.ch\/de\/wp-json\/wp\/v2\/types\/page"}],"author":[{"embeddable":true,"href":"https:\/\/lecentre-champery.ch\/de\/wp-json\/wp\/v2\/users\/1"}],"replies":[{"embeddable":true,"href":"https:\/\/lecentre-champery.ch\/de\/wp-json\/wp\/v2\/comments?post=1713"}],"version-history":[{"count":2,"href":"https:\/\/lecentre-champery.ch\/de\/wp-json\/wp\/v2\/pages\/1713\/revisions"}],"predecessor-version":[{"id":2063,"href":"https:\/\/lecentre-champery.ch\/de\/wp-json\/wp\/v2\/pages\/1713\/revisions\/2063"}],"wp:attachment":[{"href":"https:\/\/lecentre-champery.ch\/de\/wp-json\/wp\/v2\/media?parent=1713"}],"curies":[{"name":"wp","href":"https:\/\/api.w.org\/{rel}","templated":true}]}}